{"id":101,"date":"2025-03-12T14:29:41","date_gmt":"2025-03-12T13:29:41","guid":{"rendered":"https:\/\/ruklic-bau.eu\/?page_id=101"},"modified":"2025-04-07T14:44:21","modified_gmt":"2025-04-07T12:44:21","slug":"kontakt","status":"publish","type":"page","link":"https:\/\/ruklic-bau.eu\/en\/kontakt\/","title":{"rendered":"Contact"},"content":{"rendered":"<div data-elementor-type=\"wp-page\" data-elementor-id=\"101\" class=\"elementor elementor-101\" data-elementor-post-type=\"page\">\n\t\t\t\t\t\t<section class=\"elementor-section elementor-top-section elementor-element elementor-element-5531ffee elementor-section-height-min-height animated-slow elementor-section-boxed elementor-section-height-default elementor-section-items-middle elementor-invisible\" data-id=\"5531ffee\" data-element_type=\"section\" data-settings=\"{&quot;background_background&quot;:&quot;classic&quot;,&quot;animation&quot;:&quot;fadeIn&quot;}\">\n\t\t\t\t\t\t\t<div class=\"elementor-background-overlay\"><\/div>\n\t\t\t\t\t\t\t<div class=\"elementor-container elementor-column-gap-default\">\n\t\t\t\t\t<div class=\"elementor-column elementor-col-100 elementor-top-column elementor-element elementor-element-1bfdfa8a\" data-id=\"1bfdfa8a\" data-element_type=\"column\">\n\t\t\t<div class=\"elementor-widget-wrap elementor-element-populated\">\n\t\t\t\t\t\t<div class=\"elementor-element elementor-element-2da8e9c1 elementor-widget elementor-widget-heading\" data-id=\"2da8e9c1\" data-element_type=\"widget\" data-widget_type=\"heading.default\">\n\t\t\t\t<div class=\"elementor-widget-container\">\n\t\t\t\t\t<h1 class=\"elementor-heading-title elementor-size-default\">Contact<\/h1>\t\t\t\t<\/div>\n\t\t\t\t<\/div>\n\t\t\t\t\t<\/div>\n\t\t<\/div>\n\t\t\t\t\t<\/div>\n\t\t<\/section>\n\t\t\t\t<section class=\"elementor-section elementor-top-section elementor-element elementor-element-7abd4f0a elementor-section-boxed elementor-section-height-default elementor-section-height-default\" data-id=\"7abd4f0a\" data-element_type=\"section\">\n\t\t\t\t\t\t<div class=\"elementor-container elementor-column-gap-default\">\n\t\t\t\t\t<div class=\"elementor-column elementor-col-100 elementor-top-column elementor-element elementor-element-6aa7fd5d\" data-id=\"6aa7fd5d\" data-element_type=\"column\">\n\t\t\t<div class=\"elementor-widget-wrap elementor-element-populated\">\n\t\t\t\t\t\t<section class=\"elementor-section elementor-inner-section elementor-element elementor-element-339913d elementor-section-boxed elementor-section-height-default elementor-section-height-default\" data-id=\"339913d\" data-element_type=\"section\">\n\t\t\t\t\t\t<div class=\"elementor-container elementor-column-gap-default\">\n\t\t\t\t\t<div class=\"elementor-column elementor-col-50 elementor-inner-column elementor-element elementor-element-20fff168 animated-slow elementor-invisible\" data-id=\"20fff168\" data-element_type=\"column\" data-settings=\"{&quot;animation&quot;:&quot;fadeInLeft&quot;}\">\n\t\t\t<div class=\"elementor-widget-wrap elementor-element-populated\">\n\t\t\t\t\t\t<div class=\"elementor-element elementor-element-3f08850f elementor-widget elementor-widget-heading\" data-id=\"3f08850f\" data-element_type=\"widget\" data-widget_type=\"heading.default\">\n\t\t\t\t<div class=\"elementor-widget-container\">\n\t\t\t\t\t<h2 class=\"elementor-heading-title elementor-size-default\">Contact information<\/h2>\t\t\t\t<\/div>\n\t\t\t\t<\/div>\n\t\t\t\t<div class=\"elementor-element elementor-element-490e2678 elementor-widget elementor-widget-text-editor\" data-id=\"490e2678\" data-element_type=\"widget\" data-widget_type=\"text-editor.default\">\n\t\t\t\t<div class=\"elementor-widget-container\">\n\t\t\t\t\t\t\t\t\t<p>Do you have any further questions? Contact us to come up with a solution to your problem!<\/p>\t\t\t\t\t\t\t\t<\/div>\n\t\t\t\t<\/div>\n\t\t\t\t<div class=\"elementor-element elementor-element-212840a6 elementor-view-stacked elementor-position-left elementor-mobile-position-left elementor-vertical-align-middle elementor-shape-circle elementor-vertical-align-top elementor-widget elementor-widget-icon-box\" data-id=\"212840a6\" data-element_type=\"widget\" data-widget_type=\"icon-box.default\">\n\t\t\t\t<div class=\"elementor-widget-container\">\n\t\t\t\t\t\t\t<div class=\"elementor-icon-box-wrapper\">\n\n\t\t\t\t\t\t<div class=\"elementor-icon-box-icon\">\n\t\t\t\t<span  class=\"elementor-icon\">\n\t\t\t\t<i aria-hidden=\"true\" class=\"ti-location-pin\"><\/i>\t\t\t\t<\/span>\n\t\t\t<\/div>\n\t\t\t\n\t\t\t\t\t\t<div class=\"elementor-icon-box-content\">\n\n\t\t\t\t\t\t\t\t\t<h5 class=\"elementor-icon-box-title\">\n\t\t\t\t\t\t<span  >\n\t\t\t\t\t\t\tAddress\t\t\t\t\t\t<\/span>\n\t\t\t\t\t<\/h5>\n\t\t\t\t\n\t\t\t\t\t\t\t\t\t<p class=\"elementor-icon-box-description\">\n\t\t\t\t\t\tGreguri\u0107 Breg 23, 10430 Samobor, Croatia\t\t\t\t\t<\/p>\n\t\t\t\t\n\t\t\t<\/div>\n\t\t\t\n\t\t<\/div>\n\t\t\t\t\t\t<\/div>\n\t\t\t\t<\/div>\n\t\t\t\t<div class=\"elementor-element elementor-element-2de120a8 elementor-view-stacked elementor-position-left elementor-mobile-position-left elementor-shape-circle elementor-vertical-align-top elementor-widget elementor-widget-icon-box\" data-id=\"2de120a8\" data-element_type=\"widget\" data-widget_type=\"icon-box.default\">\n\t\t\t\t<div class=\"elementor-widget-container\">\n\t\t\t\t\t\t\t<div class=\"elementor-icon-box-wrapper\">\n\n\t\t\t\t\t\t<div class=\"elementor-icon-box-icon\">\n\t\t\t\t<a href=\"mailto:zimmerei.spenglerei.ruklic@gmail.com\" class=\"elementor-icon\" tabindex=\"-1\" aria-label=\"E-mail\">\n\t\t\t\t<i aria-hidden=\"true\" class=\"icon icon-envelope1\"><\/i>\t\t\t\t<\/a>\n\t\t\t<\/div>\n\t\t\t\n\t\t\t\t\t\t<div class=\"elementor-icon-box-content\">\n\n\t\t\t\t\t\t\t\t\t<h5 class=\"elementor-icon-box-title\">\n\t\t\t\t\t\t<a href=\"mailto:zimmerei.spenglerei.ruklic@gmail.com\" >\n\t\t\t\t\t\t\tE-mail\t\t\t\t\t\t<\/a>\n\t\t\t\t\t<\/h5>\n\t\t\t\t\n\t\t\t\t\t\t\t\t\t<p class=\"elementor-icon-box-description\">\n\t\t\t\t\t\t<a href=\"mailto:zimmerei.spenglerei.ruklic@gmail.com\">zimmerei.spenglerei.ruklic@gmail.com<\/a>\t\t\t\t\t<\/p>\n\t\t\t\t\n\t\t\t<\/div>\n\t\t\t\n\t\t<\/div>\n\t\t\t\t\t\t<\/div>\n\t\t\t\t<\/div>\n\t\t\t\t<div class=\"elementor-element elementor-element-664107c1 elementor-view-stacked elementor-position-left elementor-mobile-position-left elementor-shape-circle elementor-vertical-align-top elementor-widget elementor-widget-icon-box\" data-id=\"664107c1\" data-element_type=\"widget\" data-widget_type=\"icon-box.default\">\n\t\t\t\t<div class=\"elementor-widget-container\">\n\t\t\t\t\t\t\t<div class=\"elementor-icon-box-wrapper\">\n\n\t\t\t\t\t\t<div class=\"elementor-icon-box-icon\">\n\t\t\t\t<span  class=\"elementor-icon\">\n\t\t\t\t<i aria-hidden=\"true\" class=\"icon icon-phone-handset\"><\/i>\t\t\t\t<\/span>\n\t\t\t<\/div>\n\t\t\t\n\t\t\t\t\t\t<div class=\"elementor-icon-box-content\">\n\n\t\t\t\t\t\t\t\t\t<h5 class=\"elementor-icon-box-title\">\n\t\t\t\t\t\t<span  >\n\t\t\t\t\t\t\tContact numbers\t\t\t\t\t\t<\/span>\n\t\t\t\t\t<\/h5>\n\t\t\t\t\n\t\t\t\t\t\t\t\t\t<p class=\"elementor-icon-box-description\">\n\t\t\t\t\t\t<a href=\"tel:+385919346143\">+385 91 9346 143<\/a> <\/br>\n<a href=\"tel:+4915236343438\">+49 152 3634 3438<\/a>\n\t\t\t\t\t<\/p>\n\t\t\t\t\n\t\t\t<\/div>\n\t\t\t\n\t\t<\/div>\n\t\t\t\t\t\t<\/div>\n\t\t\t\t<\/div>\n\t\t\t\t\t<\/div>\n\t\t<\/div>\n\t\t\t\t<div class=\"elementor-column elementor-col-50 elementor-inner-column elementor-element elementor-element-53ffd9bb animated-slow elementor-invisible\" data-id=\"53ffd9bb\" data-element_type=\"column\" data-settings=\"{&quot;background_background&quot;:&quot;classic&quot;,&quot;animation&quot;:&quot;fadeInRight&quot;}\">\n\t\t\t<div class=\"elementor-widget-wrap elementor-element-populated\">\n\t\t\t\t\t\t<div class=\"elementor-element elementor-element-36c26d35 elementor-widget elementor-widget-heading\" data-id=\"36c26d35\" data-element_type=\"widget\" data-widget_type=\"heading.default\">\n\t\t\t\t<div class=\"elementor-widget-container\">\n\t\t\t\t\t<h2 class=\"elementor-heading-title elementor-size-default\">Send us an inquiry<\/h2>\t\t\t\t<\/div>\n\t\t\t\t<\/div>\n\t\t\t\t<div class=\"elementor-element elementor-element-4e91d62 elementor-widget elementor-widget-text-editor\" data-id=\"4e91d62\" data-element_type=\"widget\" data-widget_type=\"text-editor.default\">\n\t\t\t\t<div class=\"elementor-widget-container\">\n\t\t\t\t\t\t\t\t\t<p>Send us an inquiry and we will answer you as soon as possible.<\/p>\t\t\t\t\t\t\t\t<\/div>\n\t\t\t\t<\/div>\n\t\t\t\t<div class=\"elementor-element elementor-element-6dbab081 elementor-button-align-stretch elementor-widget elementor-widget-form\" data-id=\"6dbab081\" data-element_type=\"widget\" data-settings=\"{&quot;step_next_label&quot;:&quot;Next&quot;,&quot;step_previous_label&quot;:&quot;Previous&quot;,&quot;button_width&quot;:&quot;100&quot;,&quot;step_type&quot;:&quot;number_text&quot;,&quot;step_icon_shape&quot;:&quot;circle&quot;}\" data-widget_type=\"form.default\">\n\t\t\t\t<div class=\"elementor-widget-container\">\n\t\t\t\t\t\t\t<form class=\"elementor-form\" method=\"post\" name=\"Kontakt\" novalidate=\"\" action=\"\">\n\t\t\t<input type=\"hidden\" name=\"post_id\" value=\"101\"\/>\n\t\t\t<input type=\"hidden\" name=\"form_id\" value=\"6dbab081\"\/>\n\t\t\t<input type=\"hidden\" name=\"referer_title\" value=\"Kontakt - Ruklic Bau Zimmerei Dachdeckerei Spenglerei\" \/>\n\n\t\t\t\t\t\t\t<input type=\"hidden\" name=\"queried_id\" value=\"101\"\/>\n\t\t\t\n\t\t\t<div class=\"elementor-form-fields-wrapper elementor-labels-\">\n\t\t\t\t\t\t\t\t<div class=\"elementor-field-type-text elementor-field-group elementor-column elementor-field-group-name elementor-col-50 elementor-field-required\">\n\t\t\t\t\t\t\t\t\t\t\t\t<label for=\"form-field-name\" class=\"elementor-field-label elementor-screen-only\">\n\t\t\t\t\t\t\t\tFirst and last name\t\t\t\t\t\t\t<\/label>\n\t\t\t\t\t\t\t\t\t\t\t\t\t\t<input size=\"1\" type=\"text\" name=\"form_fields[name]\" id=\"form-field-name\" class=\"elementor-field elementor-size-md  elementor-field-textual\" placeholder=\"First and last name\" required=\"required\">\n\t\t\t\t\t\t\t\t\t\t\t<\/div>\n\t\t\t\t\t\t\t\t<div class=\"elementor-field-type-text elementor-field-group elementor-column elementor-field-group-field_d1df0cf elementor-col-50\">\n\t\t\t\t\t\t\t\t\t\t\t\t<label for=\"form-field-field_d1df0cf\" class=\"elementor-field-label elementor-screen-only\">\n\t\t\t\t\t\t\t\tSubject matter\t\t\t\t\t\t\t<\/label>\n\t\t\t\t\t\t\t\t\t\t\t\t\t\t<input size=\"1\" type=\"text\" name=\"form_fields[field_d1df0cf]\" id=\"form-field-field_d1df0cf\" class=\"elementor-field elementor-size-md  elementor-field-textual\" placeholder=\"Subject matter\">\n\t\t\t\t\t\t\t\t\t\t\t<\/div>\n\t\t\t\t\t\t\t\t<div class=\"elementor-field-type-email elementor-field-group elementor-column elementor-field-group-email elementor-col-50 elementor-field-required\">\n\t\t\t\t\t\t\t\t\t\t\t\t<label for=\"form-field-email\" class=\"elementor-field-label elementor-screen-only\">\n\t\t\t\t\t\t\t\tE-mail\t\t\t\t\t\t\t<\/label>\n\t\t\t\t\t\t\t\t\t\t\t\t\t\t<input size=\"1\" type=\"email\" name=\"form_fields[email]\" id=\"form-field-email\" class=\"elementor-field elementor-size-md  elementor-field-textual\" placeholder=\"E-mail\" required=\"required\">\n\t\t\t\t\t\t\t\t\t\t\t<\/div>\n\t\t\t\t\t\t\t\t<div class=\"elementor-field-type-tel elementor-field-group elementor-column elementor-field-group-field_db5d3e2 elementor-col-50\">\n\t\t\t\t\t\t\t\t\t\t\t\t<label for=\"form-field-field_db5d3e2\" class=\"elementor-field-label elementor-screen-only\">\n\t\t\t\t\t\t\t\tContact number\t\t\t\t\t\t\t<\/label>\n\t\t\t\t\t\t\t\t<input size=\"1\" type=\"tel\" name=\"form_fields[field_db5d3e2]\" id=\"form-field-field_db5d3e2\" class=\"elementor-field elementor-size-md  elementor-field-textual\" placeholder=\"Contact number\" pattern=\"[0-9()#&amp;+*-=.]+\" title=\"Nur Nummern und Telefonzeichen (#, -, *, etc) akzeptiert werden.\" data-no-translation-title=\"\">\n\n\t\t\t\t\t\t<\/div>\n\t\t\t\t\t\t\t\t<div class=\"elementor-field-type-textarea elementor-field-group elementor-column elementor-field-group-message elementor-col-100 elementor-field-required\">\n\t\t\t\t\t\t\t\t\t\t\t\t<label for=\"form-field-message\" class=\"elementor-field-label elementor-screen-only\">\n\t\t\t\t\t\t\t\tMessage\t\t\t\t\t\t\t<\/label>\n\t\t\t\t\t\t<textarea class=\"elementor-field-textual elementor-field  elementor-size-md\" name=\"form_fields[message]\" id=\"form-field-message\" rows=\"8\" placeholder=\"Message\" required=\"required\"><\/textarea>\t\t\t\t<\/div>\n\t\t\t\t\t\t\t\t<div class=\"elementor-field-type-recaptcha_v3 elementor-field-group elementor-column elementor-field-group-field_b6e1dec elementor-col-100 recaptcha_v3-bottomright\">\n\t\t\t\t\t<div class=\"elementor-field\" id=\"form-field-field_b6e1dec\"><div class=\"elementor-g-recaptcha\" data-sitekey=\"6Lco4gwrAAAAAI7DmLuNdSvC2DNGmyForVoiJbzC\" data-type=\"v3\" data-action=\"Form\" data-badge=\"bottomright\" data-size=\"invisible\"><\/div><\/div>\t\t\t\t<\/div>\n\t\t\t\t\t\t\t\t<div class=\"elementor-field-group elementor-column elementor-field-type-submit elementor-col-100 e-form__buttons\">\n\t\t\t\t\t<button class=\"elementor-button elementor-size-md\" type=\"submit\">\n\t\t\t\t\t\t<span class=\"elementor-button-content-wrapper\">\n\t\t\t\t\t\t\t\t\t\t\t\t\t\t\t\t\t\t\t\t\t\t<span class=\"elementor-button-text\">Submit<\/span>\n\t\t\t\t\t\t\t\t\t\t\t\t\t<\/span>\n\t\t\t\t\t<\/button>\n\t\t\t\t<\/div>\n\t\t\t<\/div>\n\t\t<input type=\"hidden\" name=\"etm-form-language\" value=\"en\"\/><\/form>\n\t\t\t\t\t\t<\/div>\n\t\t\t\t<\/div>\n\t\t\t\t\t<\/div>\n\t\t<\/div>\n\t\t\t\t\t<\/div>\n\t\t<\/section>\n\t\t\t\t\t<\/div>\n\t\t<\/div>\n\t\t\t\t\t<\/div>\n\t\t<\/section>\n\t\t\t\t<\/div>","protected":false},"excerpt":{"rendered":"<p>Contact info Do you have any additional questions? Contact us to come up with a solution to your problem! Address Greguri\u0107 Breg 23, 10430 Samobor, Croatia E-mail zimmerei.spenglerei.ruklic@gmail.com Contact numbers +385 91 9346 143 +49 152 3634 3438 Send us an inquiry Send us an inquiry and we will reply to you as soon as possible.<\/p>","protected":false},"author":1,"featured_media":0,"parent":0,"menu_order":0,"comment_status":"closed","ping_status":"closed","template":"elementor_header_footer","meta":{"footnotes":""},"class_list":["post-101","page","type-page","status-publish","hentry"],"yoast_head":"<!-- This site is optimized with the Yoast SEO plugin v24.8.1 - https:\/\/yoast.com\/wordpress\/plugins\/seo\/ -->\n<title>Kontakt - Ruklic Bau Zimmerei Dachdeckerei Spenglerei<\/title>\n<meta name=\"robots\" content=\"index, follow, max-snippet:-1, max-image-preview:large, max-video-preview:-1\" \/>\n<link rel=\"canonical\" href=\"https:\/\/ruklic-bau.eu\/en\/kontakt\/\" \/>\n<meta property=\"og:locale\" content=\"en_GB\" \/>\n<meta property=\"og:type\" content=\"article\" \/>\n<meta property=\"og:title\" content=\"Kontakt - Ruklic Bau Zimmerei Dachdeckerei Spenglerei\" \/>\n<meta property=\"og:description\" content=\"Kontakt informacije Imate dodatnih pitanja? Kontaktirajte nas da zajedno smislimo rije\u0161enje za Va\u0161 problem! Adresa Greguri\u0107 Breg 23, 10430 Samobor, Hrvatska E-mail zimmerei.spenglerei.ruklic@gmail.com Kontakt brojevi +385 91 9346 143 +49 152 3634 3438 Po\u0161aljite nam upit Po\u0161aljite nam upit, a mi \u0107emo Vam odgovoriti u najkra\u0107em mogu\u0107em roku.\" \/>\n<meta property=\"og:url\" content=\"https:\/\/ruklic-bau.eu\/en\/kontakt\/\" \/>\n<meta property=\"og:site_name\" content=\"Ruklic Bau Zimmerei Dachdeckerei Spenglerei\" \/>\n<meta property=\"article:modified_time\" content=\"2025-04-07T12:44:21+00:00\" \/>\n<meta name=\"twitter:card\" content=\"summary_large_image\" \/>\n<meta name=\"twitter:label1\" content=\"Estimated reading time\" \/>\n\t<meta name=\"twitter:data1\" content=\"1 minute\" \/>\n<script type=\"application\/ld+json\" class=\"yoast-schema-graph\">{\"@context\":\"https:\/\/schema.org\",\"@graph\":[{\"@type\":\"WebPage\",\"@id\":\"https:\/\/ruklic-bau.eu\/kontakt\/\",\"url\":\"https:\/\/ruklic-bau.eu\/kontakt\/\",\"name\":\"Kontakt - Ruklic Bau Zimmerei Dachdeckerei Spenglerei\",\"isPartOf\":{\"@id\":\"https:\/\/ruklic-bau.eu\/#website\"},\"datePublished\":\"2025-03-12T13:29:41+00:00\",\"dateModified\":\"2025-04-07T12:44:21+00:00\",\"breadcrumb\":{\"@id\":\"https:\/\/ruklic-bau.eu\/kontakt\/#breadcrumb\"},\"inLanguage\":\"en-GB\",\"potentialAction\":[{\"@type\":\"ReadAction\",\"target\":[\"https:\/\/ruklic-bau.eu\/kontakt\/\"]}]},{\"@type\":\"BreadcrumbList\",\"@id\":\"https:\/\/ruklic-bau.eu\/kontakt\/#breadcrumb\",\"itemListElement\":[{\"@type\":\"ListItem\",\"position\":1,\"name\":\"Po\u010detna stranica\",\"item\":\"https:\/\/ruklic-bau.eu\/\"},{\"@type\":\"ListItem\",\"position\":2,\"name\":\"Kontakt\"}]},{\"@type\":\"WebSite\",\"@id\":\"https:\/\/ruklic-bau.eu\/#website\",\"url\":\"https:\/\/ruklic-bau.eu\/\",\"name\":\"Ruklic Bau Zimmerei Dachdeckerei Spenglerei\",\"description\":\"\",\"publisher\":{\"@id\":\"https:\/\/ruklic-bau.eu\/#organization\"},\"potentialAction\":[{\"@type\":\"SearchAction\",\"target\":{\"@type\":\"EntryPoint\",\"urlTemplate\":\"https:\/\/ruklic-bau.eu\/?s={search_term_string}\"},\"query-input\":{\"@type\":\"PropertyValueSpecification\",\"valueRequired\":true,\"valueName\":\"search_term_string\"}}],\"inLanguage\":\"en-GB\"},{\"@type\":\"Organization\",\"@id\":\"https:\/\/ruklic-bau.eu\/#organization\",\"name\":\"Ruklic Bau Zimmerei Dachdeckerei Spenglerei\",\"url\":\"https:\/\/ruklic-bau.eu\/\",\"logo\":{\"@type\":\"ImageObject\",\"inLanguage\":\"en-GB\",\"@id\":\"https:\/\/ruklic-bau.eu\/#\/schema\/logo\/image\/\",\"url\":\"https:\/\/ruklic-bau.eu\/wp-content\/uploads\/2025\/03\/logo.png\",\"contentUrl\":\"https:\/\/ruklic-bau.eu\/wp-content\/uploads\/2025\/03\/logo.png\",\"width\":2148,\"height\":2147,\"caption\":\"Ruklic Bau Zimmerei Dachdeckerei Spenglerei\"},\"image\":{\"@id\":\"https:\/\/ruklic-bau.eu\/#\/schema\/logo\/image\/\"}}]}<\/script>\n<!-- \/ Yoast SEO plugin. -->","yoast_head_json":{"title":"Kontakt - Ruklic Bau Zimmerei Dachdeckerei Spenglerei","robots":{"index":"index","follow":"follow","max-snippet":"max-snippet:-1","max-image-preview":"max-image-preview:large","max-video-preview":"max-video-preview:-1"},"canonical":"https:\/\/ruklic-bau.eu\/en\/kontakt\/","og_locale":"en_GB","og_type":"article","og_title":"Kontakt - Ruklic Bau Zimmerei Dachdeckerei Spenglerei","og_description":"Kontakt informacije Imate dodatnih pitanja? Kontaktirajte nas da zajedno smislimo rije\u0161enje za Va\u0161 problem! Adresa Greguri\u0107 Breg 23, 10430 Samobor, Hrvatska E-mail zimmerei.spenglerei.ruklic@gmail.com Kontakt brojevi +385 91 9346 143 +49 152 3634 3438 Po\u0161aljite nam upit Po\u0161aljite nam upit, a mi \u0107emo Vam odgovoriti u najkra\u0107em mogu\u0107em roku.","og_url":"https:\/\/ruklic-bau.eu\/en\/kontakt\/","og_site_name":"Ruklic Bau Zimmerei Dachdeckerei Spenglerei","article_modified_time":"2025-04-07T12:44:21+00:00","twitter_card":"summary_large_image","twitter_misc":{"Estimated reading time":"1 minute"},"schema":{"@context":"https:\/\/schema.org","@graph":[{"@type":"WebPage","@id":"https:\/\/ruklic-bau.eu\/kontakt\/","url":"https:\/\/ruklic-bau.eu\/kontakt\/","name":"Kontakt - Ruklic Bau Zimmerei Dachdeckerei Spenglerei","isPartOf":{"@id":"https:\/\/ruklic-bau.eu\/#website"},"datePublished":"2025-03-12T13:29:41+00:00","dateModified":"2025-04-07T12:44:21+00:00","breadcrumb":{"@id":"https:\/\/ruklic-bau.eu\/kontakt\/#breadcrumb"},"inLanguage":"en-GB","potentialAction":[{"@type":"ReadAction","target":["https:\/\/ruklic-bau.eu\/kontakt\/"]}]},{"@type":"BreadcrumbList","@id":"https:\/\/ruklic-bau.eu\/kontakt\/#breadcrumb","itemListElement":[{"@type":"ListItem","position":1,"name":"Po\u010detna stranica","item":"https:\/\/ruklic-bau.eu\/"},{"@type":"ListItem","position":2,"name":"Kontakt"}]},{"@type":"WebSite","@id":"https:\/\/ruklic-bau.eu\/#website","url":"https:\/\/ruklic-bau.eu\/","name":"Ruklic Bau Zimmerei Dachdeckerei Spenglerei","description":"","publisher":{"@id":"https:\/\/ruklic-bau.eu\/#organization"},"potentialAction":[{"@type":"SearchAction","target":{"@type":"EntryPoint","urlTemplate":"https:\/\/ruklic-bau.eu\/?s={search_term_string}"},"query-input":{"@type":"PropertyValueSpecification","valueRequired":true,"valueName":"search_term_string"}}],"inLanguage":"en-GB"},{"@type":"Organization","@id":"https:\/\/ruklic-bau.eu\/#organization","name":"Ruklic Bau Zimmerei Dachdeckerei Spenglerei","url":"https:\/\/ruklic-bau.eu\/","logo":{"@type":"ImageObject","inLanguage":"en-GB","@id":"https:\/\/ruklic-bau.eu\/#\/schema\/logo\/image\/","url":"https:\/\/ruklic-bau.eu\/wp-content\/uploads\/2025\/03\/logo.png","contentUrl":"https:\/\/ruklic-bau.eu\/wp-content\/uploads\/2025\/03\/logo.png","width":2148,"height":2147,"caption":"Ruklic Bau Zimmerei Dachdeckerei Spenglerei"},"image":{"@id":"https:\/\/ruklic-bau.eu\/#\/schema\/logo\/image\/"}}]}},"jetpack_sharing_enabled":true,"_links":{"self":[{"href":"https:\/\/ruklic-bau.eu\/en\/wp-json\/wp\/v2\/pages\/101","targetHints":{"allow":["GET"]}}],"collection":[{"href":"https:\/\/ruklic-bau.eu\/en\/wp-json\/wp\/v2\/pages"}],"about":[{"href":"https:\/\/ruklic-bau.eu\/en\/wp-json\/wp\/v2\/types\/page"}],"author":[{"embeddable":true,"href":"https:\/\/ruklic-bau.eu\/en\/wp-json\/wp\/v2\/users\/1"}],"replies":[{"embeddable":true,"href":"https:\/\/ruklic-bau.eu\/en\/wp-json\/wp\/v2\/comments?post=101"}],"version-history":[{"count":40,"href":"https:\/\/ruklic-bau.eu\/en\/wp-json\/wp\/v2\/pages\/101\/revisions"}],"predecessor-version":[{"id":444,"href":"https:\/\/ruklic-bau.eu\/en\/wp-json\/wp\/v2\/pages\/101\/revisions\/444"}],"wp:attachment":[{"href":"https:\/\/ruklic-bau.eu\/en\/wp-json\/wp\/v2\/media?parent=101"}],"curies":[{"name":"wp","href":"https:\/\/api.w.org\/{rel}","templated":true}]}}