{"id":99,"date":"2025-03-12T14:29:25","date_gmt":"2025-03-12T13:29:25","guid":{"rendered":"https:\/\/ruklic-bau.eu\/?page_id=99"},"modified":"2025-04-07T11:11:01","modified_gmt":"2025-04-07T09:11:01","slug":"o-nama","status":"publish","type":"page","link":"https:\/\/ruklic-bau.eu\/de\/o-nama\/","title":{"rendered":"\u00dcber uns"},"content":{"rendered":"<div data-elementor-type=\"wp-page\" data-elementor-id=\"99\" class=\"elementor elementor-99\" data-elementor-post-type=\"page\">\n\t\t\t\t\t\t<section class=\"elementor-section elementor-top-section elementor-element elementor-element-4fc1e742 elementor-section-height-min-height animated-slow elementor-section-boxed elementor-section-height-default elementor-section-items-middle elementor-invisible\" data-id=\"4fc1e742\" data-element_type=\"section\" data-settings=\"{&quot;background_background&quot;:&quot;classic&quot;,&quot;animation&quot;:&quot;fadeIn&quot;}\">\n\t\t\t\t\t\t\t<div class=\"elementor-background-overlay\"><\/div>\n\t\t\t\t\t\t\t<div class=\"elementor-container elementor-column-gap-default\">\n\t\t\t\t\t<div class=\"elementor-column elementor-col-100 elementor-top-column elementor-element elementor-element-36d572c6\" data-id=\"36d572c6\" data-element_type=\"column\">\n\t\t\t<div class=\"elementor-widget-wrap elementor-element-populated\">\n\t\t\t\t\t\t<div class=\"elementor-element elementor-element-7fd4aa22 elementor-widget elementor-widget-heading\" data-id=\"7fd4aa22\" data-element_type=\"widget\" data-widget_type=\"heading.default\">\n\t\t\t\t<div class=\"elementor-widget-container\">\n\t\t\t\t\t<h1 class=\"elementor-heading-title elementor-size-default\">\u00dcber uns<\/h1>\t\t\t\t<\/div>\n\t\t\t\t<\/div>\n\t\t\t\t\t<\/div>\n\t\t<\/div>\n\t\t\t\t\t<\/div>\n\t\t<\/section>\n\t\t\t\t<section class=\"elementor-section elementor-top-section elementor-element elementor-element-23eb94a2 elementor-section-content-middle elementor-section-boxed elementor-section-height-default elementor-section-height-default\" data-id=\"23eb94a2\" data-element_type=\"section\">\n\t\t\t\t\t\t<div class=\"elementor-container elementor-column-gap-default\">\n\t\t\t\t\t<div class=\"elementor-column elementor-col-50 elementor-top-column elementor-element elementor-element-60fb5c54 animated-slow elementor-invisible\" data-id=\"60fb5c54\" data-element_type=\"column\" data-settings=\"{&quot;animation&quot;:&quot;fadeInLeft&quot;}\">\n\t\t\t<div class=\"elementor-widget-wrap elementor-element-populated\">\n\t\t\t\t\t\t<div class=\"elementor-element elementor-element-39fb38c9 elementor-widget elementor-widget-heading\" data-id=\"39fb38c9\" data-element_type=\"widget\" data-widget_type=\"heading.default\">\n\t\t\t\t<div class=\"elementor-widget-container\">\n\t\t\t\t\t<h6 class=\"elementor-heading-title elementor-size-default\">\u00dcber uns<\/h6>\t\t\t\t<\/div>\n\t\t\t\t<\/div>\n\t\t\t\t<div class=\"elementor-element elementor-element-482e4a54 elementor-widget elementor-widget-heading\" data-id=\"482e4a54\" data-element_type=\"widget\" data-widget_type=\"heading.default\">\n\t\t\t\t<div class=\"elementor-widget-container\">\n\t\t\t\t\t<h2 class=\"elementor-heading-title elementor-size-default\">Mehr als 20 Jahre Erfahrung im Dach- und Baubereich.<\/h2>\t\t\t\t<\/div>\n\t\t\t\t<\/div>\n\t\t\t\t<div class=\"elementor-element elementor-element-68ea7630 elementor-widget elementor-widget-text-editor\" data-id=\"68ea7630\" data-element_type=\"widget\" data-widget_type=\"text-editor.default\">\n\t\t\t\t<div class=\"elementor-widget-container\">\n\t\t\t\t\t\t\t\t\t<p data-start=\"96\" data-end=\"158\">Wir haben mehr als 20 Jahre Erfahrung in der Herstellung und Abdeckung von D\u00e4chern.<\/p><p data-start=\"160\" data-end=\"317\">Wir sind auf dem heimischen Markt in Kroatien bekannt und parallel in \u00d6sterreich und Deutschland t\u00e4tig. Durch jahrelange Arbeit haben wir eine gro\u00dfe Anzahl zufriedener Kunden hinter uns.<\/p><p data-start=\"319\" data-end=\"430\">Wir verwenden nur die hochwertigsten Materialien und folgen st\u00e4ndig Innovationen und neuen Trends in der Branche.<\/p>\t\t\t\t\t\t\t\t<\/div>\n\t\t\t\t<\/div>\n\t\t\t\t<div class=\"elementor-element elementor-element-987b422 elementor-widget elementor-widget-button\" data-id=\"987b422\" data-element_type=\"widget\" data-widget_type=\"button.default\">\n\t\t\t\t<div class=\"elementor-widget-container\">\n\t\t\t\t\t\t\t\t\t<div class=\"elementor-button-wrapper\">\n\t\t\t\t\t<a class=\"elementor-button elementor-button-link elementor-size-md\" href=\"https:\/\/ruklic-bau.eu\/de\/kontakt\/\">\n\t\t\t\t\t\t<span class=\"elementor-button-content-wrapper\">\n\t\t\t\t\t\t\t\t\t<span class=\"elementor-button-text\">Kontaktieren Sie uns<\/span>\n\t\t\t\t\t<\/span>\n\t\t\t\t\t<\/a>\n\t\t\t\t<\/div>\n\t\t\t\t\t\t\t\t<\/div>\n\t\t\t\t<\/div>\n\t\t\t\t\t<\/div>\n\t\t<\/div>\n\t\t\t\t<div class=\"elementor-column elementor-col-50 elementor-top-column elementor-element elementor-element-31a29b65 animated-slow elementor-invisible\" data-id=\"31a29b65\" data-element_type=\"column\" data-settings=\"{&quot;animation&quot;:&quot;fadeInRight&quot;}\">\n\t\t\t<div class=\"elementor-widget-wrap elementor-element-populated\">\n\t\t\t\t\t\t<div class=\"elementor-element elementor-element-e05b566 elementor-widget elementor-widget-image\" data-id=\"e05b566\" data-element_type=\"widget\" data-widget_type=\"image.default\">\n\t\t\t\t<div class=\"elementor-widget-container\">\n\t\t\t\t\t\t\t\t\t\t\t\t\t\t\t<img fetchpriority=\"high\" decoding=\"async\" width=\"1200\" height=\"1600\" src=\"https:\/\/ruklic-bau.eu\/wp-content\/uploads\/2025\/03\/WhatsApp-Image-2025-03-05-at-5.52.51\u202fPM-7.jpeg\" class=\"attachment-full size-full wp-image-253\" alt=\"\" srcset=\"https:\/\/ruklic-bau.eu\/wp-content\/uploads\/2025\/03\/WhatsApp-Image-2025-03-05-at-5.52.51\u202fPM-7.jpeg 1200w, https:\/\/ruklic-bau.eu\/wp-content\/uploads\/2025\/03\/WhatsApp-Image-2025-03-05-at-5.52.51\u202fPM-7-225x300.jpeg 225w, https:\/\/ruklic-bau.eu\/wp-content\/uploads\/2025\/03\/WhatsApp-Image-2025-03-05-at-5.52.51\u202fPM-7-768x1024.jpeg 768w, https:\/\/ruklic-bau.eu\/wp-content\/uploads\/2025\/03\/WhatsApp-Image-2025-03-05-at-5.52.51\u202fPM-7-1152x1536.jpeg 1152w\" sizes=\"(max-width: 1200px) 100vw, 1200px\" \/>\t\t\t\t\t\t\t\t\t\t\t\t\t\t\t<\/div>\n\t\t\t\t<\/div>\n\t\t\t\t\t<\/div>\n\t\t<\/div>\n\t\t\t\t\t<\/div>\n\t\t<\/section>\n\t\t\t\t<section class=\"elementor-section elementor-top-section elementor-element elementor-element-6aae6517 elementor-section-boxed elementor-section-height-default elementor-section-height-default\" data-id=\"6aae6517\" data-element_type=\"section\" data-settings=\"{&quot;background_background&quot;:&quot;classic&quot;}\">\n\t\t\t\t\t\t\t<div class=\"elementor-background-overlay\"><\/div>\n\t\t\t\t\t\t\t<div class=\"elementor-container elementor-column-gap-default\">\n\t\t\t\t\t<div class=\"elementor-column elementor-col-100 elementor-top-column elementor-element elementor-element-4de1c3e animated-slow elementor-invisible\" data-id=\"4de1c3e\" data-element_type=\"column\" data-settings=\"{&quot;animation&quot;:&quot;fadeIn&quot;}\">\n\t\t\t<div class=\"elementor-widget-wrap elementor-element-populated\">\n\t\t\t\t\t\t<div class=\"elementor-element elementor-element-c64ea34 elementor-widget elementor-widget-heading\" data-id=\"c64ea34\" data-element_type=\"widget\" data-widget_type=\"heading.default\">\n\t\t\t\t<div class=\"elementor-widget-container\">\n\t\t\t\t\t<h2 class=\"elementor-heading-title elementor-size-default\">Vertrauen Sie darauf, dass wir seit mehr als 20 Jahren bauen.<\/h2>\t\t\t\t<\/div>\n\t\t\t\t<\/div>\n\t\t\t\t<div class=\"elementor-element elementor-element-4f9e86d elementor-widget elementor-widget-text-editor\" data-id=\"4f9e86d\" data-element_type=\"widget\" data-widget_type=\"text-editor.default\">\n\t\t\t\t<div class=\"elementor-widget-container\">\n\t\t\t\t\t\t\t\t\t<p>Unser Expertenteam hat Hunderte von erfolgreichen Projekten unter Verwendung bew\u00e4hrter Materialien und modernster Techniken durchgef\u00fchrt. Wir arbeiten mit Privat- und Gesch\u00e4ftskunden zusammen und gew\u00e4hrleisten eine \u00fcberlegene Qualit\u00e4t und Haltbarkeit jedes Daches und jeder Einrichtung.<\/p>\t\t\t\t\t\t\t\t<\/div>\n\t\t\t\t<\/div>\n\t\t\t\t\t<\/div>\n\t\t<\/div>\n\t\t\t\t\t<\/div>\n\t\t<\/section>\n\t\t\t\t<section class=\"elementor-section elementor-top-section elementor-element elementor-element-3a5bb646 elementor-section-boxed elementor-section-height-default elementor-section-height-default\" data-id=\"3a5bb646\" data-element_type=\"section\">\n\t\t\t\t\t\t<div class=\"elementor-container elementor-column-gap-default\">\n\t\t\t\t\t<div class=\"elementor-column elementor-col-100 elementor-top-column elementor-element elementor-element-6d77a78b\" data-id=\"6d77a78b\" data-element_type=\"column\">\n\t\t\t<div class=\"elementor-widget-wrap elementor-element-populated\">\n\t\t\t\t\t\t<section class=\"elementor-section elementor-inner-section elementor-element elementor-element-76857bb elementor-section-boxed elementor-section-height-default elementor-section-height-default\" data-id=\"76857bb\" data-element_type=\"section\">\n\t\t\t\t\t\t<div class=\"elementor-container elementor-column-gap-default\">\n\t\t\t\t\t<div class=\"elementor-column elementor-col-33 elementor-inner-column elementor-element elementor-element-7856114 animated-slow elementor-invisible\" data-id=\"7856114\" data-element_type=\"column\" data-settings=\"{&quot;background_background&quot;:&quot;classic&quot;,&quot;animation&quot;:&quot;fadeInUp&quot;,&quot;animation_delay&quot;:300}\">\n\t\t\t<div class=\"elementor-widget-wrap elementor-element-populated\">\n\t\t\t\t\t\t<div class=\"elementor-element elementor-element-21c8ab5 elementor-view-default elementor-position-top elementor-mobile-position-top elementor-widget elementor-widget-icon-box\" data-id=\"21c8ab5\" data-element_type=\"widget\" data-widget_type=\"icon-box.default\">\n\t\t\t\t<div class=\"elementor-widget-container\">\n\t\t\t\t\t\t\t<div class=\"elementor-icon-box-wrapper\">\n\n\t\t\t\t\t\t<div class=\"elementor-icon-box-icon\">\n\t\t\t\t<span  class=\"elementor-icon\">\n\t\t\t\t<i aria-hidden=\"true\" class=\"icon icon-house\"><\/i>\t\t\t\t<\/span>\n\t\t\t<\/div>\n\t\t\t\n\t\t\t\t\t\t<div class=\"elementor-icon-box-content\">\n\n\t\t\t\t\t\t\t\t\t<h4 class=\"elementor-icon-box-title\">\n\t\t\t\t\t\t<span  >\n\t\t\t\t\t\t\t \u00dcberdachung\t\t\t\t\t\t<\/span>\n\t\t\t\t\t<\/h4>\n\t\t\t\t\n\t\t\t\t\t\t\t\t\t<p class=\"elementor-icon-box-description\">\n\t\t\t\t\t\tDesign und Herstellung von hochwertigen Dachkonstruktionen f\u00fcr den langfristigen Schutz Ihres Hauses.\t\t\t\t\t<\/p>\n\t\t\t\t\n\t\t\t<\/div>\n\t\t\t\n\t\t<\/div>\n\t\t\t\t\t\t<\/div>\n\t\t\t\t<\/div>\n\t\t\t\t\t<\/div>\n\t\t<\/div>\n\t\t\t\t<div class=\"elementor-column elementor-col-33 elementor-inner-column elementor-element elementor-element-3e05e4f animated-slow elementor-invisible\" data-id=\"3e05e4f\" data-element_type=\"column\" data-settings=\"{&quot;background_background&quot;:&quot;classic&quot;,&quot;animation&quot;:&quot;fadeInUp&quot;,&quot;animation_delay&quot;:600}\">\n\t\t\t<div class=\"elementor-widget-wrap elementor-element-populated\">\n\t\t\t\t\t\t<div class=\"elementor-element elementor-element-6f4e506 elementor-view-default elementor-position-top elementor-mobile-position-top elementor-widget elementor-widget-icon-box\" data-id=\"6f4e506\" data-element_type=\"widget\" data-widget_type=\"icon-box.default\">\n\t\t\t\t<div class=\"elementor-widget-container\">\n\t\t\t\t\t\t\t<div class=\"elementor-icon-box-wrapper\">\n\n\t\t\t\t\t\t<div class=\"elementor-icon-box-icon\">\n\t\t\t\t<span  class=\"elementor-icon\">\n\t\t\t\t<i aria-hidden=\"true\" class=\"icon icon-repair\"><\/i>\t\t\t\t<\/span>\n\t\t\t<\/div>\n\t\t\t\n\t\t\t\t\t\t<div class=\"elementor-icon-box-content\">\n\n\t\t\t\t\t\t\t\t\t<h4 class=\"elementor-icon-box-title\">\n\t\t\t\t\t\t<span  >\n\t\t\t\t\t\t\tDachreparaturen\t\t\t\t\t\t<\/span>\n\t\t\t\t\t<\/h4>\n\t\t\t\t\n\t\t\t\t\t\t\t\t\t<p class=\"elementor-icon-box-description\">\n\t\t\t\t\t\tSchnelle und effiziente Reparatur von Dachsch\u00e4den unter Verwendung von Materialien h\u00f6chster Qualit\u00e4t.\t\t\t\t\t<\/p>\n\t\t\t\t\n\t\t\t<\/div>\n\t\t\t\n\t\t<\/div>\n\t\t\t\t\t\t<\/div>\n\t\t\t\t<\/div>\n\t\t\t\t\t<\/div>\n\t\t<\/div>\n\t\t\t\t<div class=\"elementor-column elementor-col-33 elementor-inner-column elementor-element elementor-element-b0f77c2 animated-slow elementor-invisible\" data-id=\"b0f77c2\" data-element_type=\"column\" data-settings=\"{&quot;background_background&quot;:&quot;classic&quot;,&quot;animation&quot;:&quot;fadeInUp&quot;,&quot;animation_delay&quot;:900}\">\n\t\t\t<div class=\"elementor-widget-wrap elementor-element-populated\">\n\t\t\t\t\t\t<div class=\"elementor-element elementor-element-cb04402 elementor-view-default elementor-position-top elementor-mobile-position-top elementor-widget elementor-widget-icon-box\" data-id=\"cb04402\" data-element_type=\"widget\" data-widget_type=\"icon-box.default\">\n\t\t\t\t<div class=\"elementor-widget-container\">\n\t\t\t\t\t\t\t<div class=\"elementor-icon-box-wrapper\">\n\n\t\t\t\t\t\t<div class=\"elementor-icon-box-icon\">\n\t\t\t\t<span  class=\"elementor-icon\">\n\t\t\t\t<i aria-hidden=\"true\" class=\"icon icon-Safe-house\"><\/i>\t\t\t\t<\/span>\n\t\t\t<\/div>\n\t\t\t\n\t\t\t\t\t\t<div class=\"elementor-icon-box-content\">\n\n\t\t\t\t\t\t\t\t\t<h4 class=\"elementor-icon-box-title\">\n\t\t\t\t\t\t<span  >\n\t\t\t\t\t\t\tDachisolierung\t\t\t\t\t\t<\/span>\n\t\t\t\t\t<\/h4>\n\t\t\t\t\n\t\t\t\t\t\t\t\t\t<p class=\"elementor-icon-box-description\">\n\t\t\t\t\t\tThermische und Abdichtung des Daches f\u00fcr Energieeinsparung und Langlebigkeit des Geb\u00e4udes.\t\t\t\t\t<\/p>\n\t\t\t\t\n\t\t\t<\/div>\n\t\t\t\n\t\t<\/div>\n\t\t\t\t\t\t<\/div>\n\t\t\t\t<\/div>\n\t\t\t\t\t<\/div>\n\t\t<\/div>\n\t\t\t\t\t<\/div>\n\t\t<\/section>\n\t\t\t\t\t<\/div>\n\t\t<\/div>\n\t\t\t\t\t<\/div>\n\t\t<\/section>\n\t\t\t\t<section class=\"elementor-section elementor-top-section elementor-element elementor-element-1c6a3726 elementor-section-boxed elementor-section-height-default elementor-section-height-default\" data-id=\"1c6a3726\" data-element_type=\"section\" data-settings=\"{&quot;background_background&quot;:&quot;classic&quot;}\">\n\t\t\t\t\t\t\t<div class=\"elementor-background-overlay\"><\/div>\n\t\t\t\t\t\t\t<div class=\"elementor-container elementor-column-gap-default\">\n\t\t\t\t\t<div class=\"elementor-column elementor-col-50 elementor-top-column elementor-element elementor-element-98bd6ee animated-slow elementor-invisible\" data-id=\"98bd6ee\" data-element_type=\"column\" data-settings=\"{&quot;animation&quot;:&quot;fadeInLeft&quot;}\">\n\t\t\t<div class=\"elementor-widget-wrap elementor-element-populated\">\n\t\t\t\t\t\t<div class=\"elementor-element elementor-element-3b9e1445 elementor-widget elementor-widget-heading\" data-id=\"3b9e1445\" data-element_type=\"widget\" data-widget_type=\"heading.default\">\n\t\t\t\t<div class=\"elementor-widget-container\">\n\t\t\t\t\t<h6 class=\"elementor-heading-title elementor-size-default\">Warum uns w\u00e4hlen?<\/h6>\t\t\t\t<\/div>\n\t\t\t\t<\/div>\n\t\t\t\t<div class=\"elementor-element elementor-element-69209602 elementor-widget elementor-widget-heading\" data-id=\"69209602\" data-element_type=\"widget\" data-widget_type=\"heading.default\">\n\t\t\t\t<div class=\"elementor-widget-container\">\n\t\t\t\t\t<h2 class=\"elementor-heading-title elementor-size-default\">Sparen Sie Geld bei Ihrem n\u00e4chsten Dachprojekt.<\/h2>\t\t\t\t<\/div>\n\t\t\t\t<\/div>\n\t\t\t\t<div class=\"elementor-element elementor-element-4ad474e9 elementor-widget elementor-widget-text-editor\" data-id=\"4ad474e9\" data-element_type=\"widget\" data-widget_type=\"text-editor.default\">\n\t\t\t\t<div class=\"elementor-widget-container\">\n\t\t\t\t\t\t\t\t\t<p>Egal, ob Sie ein neues Dach, eine Renovierung oder Blecharbeiten ben\u00f6tigen, wir sorgen f\u00fcr h\u00f6chste Qualit\u00e4t zu erschwinglichen Preisen. Unser Expertenteam verwendet nur die besten Materialien und die neuesten Technologien, um die Langlebigkeit und Sicherheit Ihres Daches zu gew\u00e4hrleisten.<\/p>\t\t\t\t\t\t\t\t<\/div>\n\t\t\t\t<\/div>\n\t\t\t\t\t<\/div>\n\t\t<\/div>\n\t\t\t\t<div class=\"elementor-column elementor-col-50 elementor-top-column elementor-element elementor-element-1ce0f125\" data-id=\"1ce0f125\" data-element_type=\"column\">\n\t\t\t<div class=\"elementor-widget-wrap elementor-element-populated\">\n\t\t\t\t\t\t<div class=\"elementor-element elementor-element-22b5a699 elementor-position-left animated-slow elementor-view-default elementor-mobile-position-top elementor-vertical-align-top elementor-invisible elementor-widget elementor-widget-icon-box\" data-id=\"22b5a699\" data-element_type=\"widget\" data-settings=\"{&quot;_animation&quot;:&quot;fadeInRight&quot;,&quot;_animation_delay&quot;:300}\" data-widget_type=\"icon-box.default\">\n\t\t\t\t<div class=\"elementor-widget-container\">\n\t\t\t\t\t\t\t<div class=\"elementor-icon-box-wrapper\">\n\n\t\t\t\t\t\t<div class=\"elementor-icon-box-icon\">\n\t\t\t\t<span  class=\"elementor-icon\">\n\t\t\t\t<i aria-hidden=\"true\" class=\"icon_lightbulb_alt\"><\/i>\t\t\t\t<\/span>\n\t\t\t<\/div>\n\t\t\t\n\t\t\t\t\t\t<div class=\"elementor-icon-box-content\">\n\n\t\t\t\t\t\t\t\t\t<h4 class=\"elementor-icon-box-title\">\n\t\t\t\t\t\t<span  >\n\t\t\t\t\t\t\tVision\t\t\t\t\t\t<\/span>\n\t\t\t\t\t<\/h4>\n\t\t\t\t\n\t\t\t\t\t\t\t\t\t<p class=\"elementor-icon-box-description\">\n\t\t\t\t\t\tEin f\u00fchrender Anbieter von qualitativ hochwertigen und innovativen Dachl\u00f6sungen zu sein, die Langlebigkeit, Sicherheit und \u00c4sthetik f\u00fcr jede Einrichtung gew\u00e4hrleisten.\t\t\t\t\t<\/p>\n\t\t\t\t\n\t\t\t<\/div>\n\t\t\t\n\t\t<\/div>\n\t\t\t\t\t\t<\/div>\n\t\t\t\t<\/div>\n\t\t\t\t<div class=\"elementor-element elementor-element-14670a44 elementor-position-left animated-slow elementor-view-default elementor-mobile-position-top elementor-vertical-align-top elementor-invisible elementor-widget elementor-widget-icon-box\" data-id=\"14670a44\" data-element_type=\"widget\" data-settings=\"{&quot;_animation&quot;:&quot;fadeInRight&quot;,&quot;_animation_delay&quot;:600}\" data-widget_type=\"icon-box.default\">\n\t\t\t\t<div class=\"elementor-widget-container\">\n\t\t\t\t\t\t\t<div class=\"elementor-icon-box-wrapper\">\n\n\t\t\t\t\t\t<div class=\"elementor-icon-box-icon\">\n\t\t\t\t<span  class=\"elementor-icon\">\n\t\t\t\t<i aria-hidden=\"true\" class=\"icon_star_alt\"><\/i>\t\t\t\t<\/span>\n\t\t\t<\/div>\n\t\t\t\n\t\t\t\t\t\t<div class=\"elementor-icon-box-content\">\n\n\t\t\t\t\t\t\t\t\t<h4 class=\"elementor-icon-box-title\">\n\t\t\t\t\t\t<span  >\n\t\t\t\t\t\t\tDienstreise\t\t\t\t\t\t<\/span>\n\t\t\t\t\t<\/h4>\n\t\t\t\t\n\t\t\t\t\t\t\t\t\t<p class=\"elementor-icon-box-description\">\n\t\t\t\t\t\tUnser Ziel ist es, erstklassige Dachdecker-, Dachdecker- und Renovierungsdienstleistungen unter Verwendung von Materialien und Know-how h\u00f6chster Qualit\u00e4t anzubieten, um die Erwartungen unserer Kunden zu \u00fcbertreffen.\t\t\t\t\t<\/p>\n\t\t\t\t\n\t\t\t<\/div>\n\t\t\t\n\t\t<\/div>\n\t\t\t\t\t\t<\/div>\n\t\t\t\t<\/div>\n\t\t\t\t\t<\/div>\n\t\t<\/div>\n\t\t\t\t\t<\/div>\n\t\t<\/section>\n\t\t\t\t<\/div>","protected":false},"excerpt":{"rendered":"<p>Mehr als 20 Jahre Erfahrung im Dach- und Bauwesen. Wir haben mehr als 20 Jahre Erfahrung in der Herstellung und Abdeckung von D\u00e4chern. Wir sind auf dem Inlandsmarkt in Kroatien bekannt und parallel in \u00d6sterreich und Deutschland t\u00e4tig. Durch die jahrelange Arbeit haben wir eine gro\u00dfe Anzahl zufriedener Kunden hinter uns. Wir verwenden nur die hochwertigsten Materialien und \u00fcberwachen st\u00e4ndig Innovationen und [...]<\/p>","protected":false},"author":1,"featured_media":0,"parent":0,"menu_order":0,"comment_status":"closed","ping_status":"closed","template":"elementor_header_footer","meta":{"footnotes":""},"class_list":["post-99","page","type-page","status-publish","hentry"],"yoast_head":"<!-- This site is optimized with the Yoast SEO plugin v24.8.1 - https:\/\/yoast.com\/wordpress\/plugins\/seo\/ -->\n<title>O nama - Ruklic Bau Zimmerei Dachdeckerei Spenglerei<\/title>\n<meta name=\"robots\" content=\"index, follow, max-snippet:-1, max-image-preview:large, max-video-preview:-1\" \/>\n<link rel=\"canonical\" href=\"https:\/\/ruklic-bau.eu\/de\/o-nama\/\" \/>\n<meta property=\"og:locale\" content=\"de_DE\" \/>\n<meta property=\"og:type\" content=\"article\" \/>\n<meta property=\"og:title\" content=\"O nama - Ruklic Bau Zimmerei Dachdeckerei Spenglerei\" \/>\n<meta property=\"og:description\" content=\"O nama Vi\u0161e od 20 godina iskustva u krovi\u0161tima i gra\u0111evini. Imamo vi\u0161e od 20 godina iskustva u izradi i pokrivanju krovova. Poznati smo na doma\u0107em tr\u017ei\u0161tu u Hrvatskoj te paralelno poslujemo u Austriji i Njema\u010dkoj. Kroz godine rada iza sebe imamo velik broj zadovoljnih klijenata. Koristimo isklju\u010divo najkvalitetnije materijale te neprestano pratimo inovacije i [&hellip;]\" \/>\n<meta property=\"og:url\" content=\"https:\/\/ruklic-bau.eu\/de\/o-nama\/\" \/>\n<meta property=\"og:site_name\" content=\"Ruklic Bau Zimmerei Dachdeckerei Spenglerei\" \/>\n<meta property=\"article:modified_time\" content=\"2025-04-07T09:11:01+00:00\" \/>\n<meta name=\"twitter:card\" content=\"summary_large_image\" \/>\n<meta name=\"twitter:label1\" content=\"Gesch\u00e4tzte Lesezeit\" \/>\n\t<meta name=\"twitter:data1\" content=\"1\u00a0Minute\" \/>\n<script type=\"application\/ld+json\" class=\"yoast-schema-graph\">{\"@context\":\"https:\/\/schema.org\",\"@graph\":[{\"@type\":\"WebPage\",\"@id\":\"https:\/\/ruklic-bau.eu\/o-nama\/\",\"url\":\"https:\/\/ruklic-bau.eu\/o-nama\/\",\"name\":\"O nama - Ruklic Bau Zimmerei Dachdeckerei Spenglerei\",\"isPartOf\":{\"@id\":\"https:\/\/ruklic-bau.eu\/#website\"},\"datePublished\":\"2025-03-12T13:29:25+00:00\",\"dateModified\":\"2025-04-07T09:11:01+00:00\",\"breadcrumb\":{\"@id\":\"https:\/\/ruklic-bau.eu\/o-nama\/#breadcrumb\"},\"inLanguage\":\"de\",\"potentialAction\":[{\"@type\":\"ReadAction\",\"target\":[\"https:\/\/ruklic-bau.eu\/o-nama\/\"]}]},{\"@type\":\"BreadcrumbList\",\"@id\":\"https:\/\/ruklic-bau.eu\/o-nama\/#breadcrumb\",\"itemListElement\":[{\"@type\":\"ListItem\",\"position\":1,\"name\":\"Po\u010detna stranica\",\"item\":\"https:\/\/ruklic-bau.eu\/\"},{\"@type\":\"ListItem\",\"position\":2,\"name\":\"O nama\"}]},{\"@type\":\"WebSite\",\"@id\":\"https:\/\/ruklic-bau.eu\/#website\",\"url\":\"https:\/\/ruklic-bau.eu\/\",\"name\":\"Ruklic Bau Zimmerei Dachdeckerei Spenglerei\",\"description\":\"\",\"publisher\":{\"@id\":\"https:\/\/ruklic-bau.eu\/#organization\"},\"potentialAction\":[{\"@type\":\"SearchAction\",\"target\":{\"@type\":\"EntryPoint\",\"urlTemplate\":\"https:\/\/ruklic-bau.eu\/?s={search_term_string}\"},\"query-input\":{\"@type\":\"PropertyValueSpecification\",\"valueRequired\":true,\"valueName\":\"search_term_string\"}}],\"inLanguage\":\"de\"},{\"@type\":\"Organization\",\"@id\":\"https:\/\/ruklic-bau.eu\/#organization\",\"name\":\"Ruklic Bau Zimmerei Dachdeckerei Spenglerei\",\"url\":\"https:\/\/ruklic-bau.eu\/\",\"logo\":{\"@type\":\"ImageObject\",\"inLanguage\":\"de\",\"@id\":\"https:\/\/ruklic-bau.eu\/#\/schema\/logo\/image\/\",\"url\":\"https:\/\/ruklic-bau.eu\/wp-content\/uploads\/2025\/03\/logo.png\",\"contentUrl\":\"https:\/\/ruklic-bau.eu\/wp-content\/uploads\/2025\/03\/logo.png\",\"width\":2148,\"height\":2147,\"caption\":\"Ruklic Bau Zimmerei Dachdeckerei Spenglerei\"},\"image\":{\"@id\":\"https:\/\/ruklic-bau.eu\/#\/schema\/logo\/image\/\"}}]}<\/script>\n<!-- \/ Yoast SEO plugin. -->","yoast_head_json":{"title":"O nama - Ruklic Bau Zimmerei Dachdeckerei Spenglerei","robots":{"index":"index","follow":"follow","max-snippet":"max-snippet:-1","max-image-preview":"max-image-preview:large","max-video-preview":"max-video-preview:-1"},"canonical":"https:\/\/ruklic-bau.eu\/de\/o-nama\/","og_locale":"de_DE","og_type":"article","og_title":"O nama - Ruklic Bau Zimmerei Dachdeckerei Spenglerei","og_description":"O nama Vi\u0161e od 20 godina iskustva u krovi\u0161tima i gra\u0111evini. Imamo vi\u0161e od 20 godina iskustva u izradi i pokrivanju krovova. Poznati smo na doma\u0107em tr\u017ei\u0161tu u Hrvatskoj te paralelno poslujemo u Austriji i Njema\u010dkoj. Kroz godine rada iza sebe imamo velik broj zadovoljnih klijenata. Koristimo isklju\u010divo najkvalitetnije materijale te neprestano pratimo inovacije i [&hellip;]","og_url":"https:\/\/ruklic-bau.eu\/de\/o-nama\/","og_site_name":"Ruklic Bau Zimmerei Dachdeckerei Spenglerei","article_modified_time":"2025-04-07T09:11:01+00:00","twitter_card":"summary_large_image","twitter_misc":{"Gesch\u00e4tzte Lesezeit":"1\u00a0Minute"},"schema":{"@context":"https:\/\/schema.org","@graph":[{"@type":"WebPage","@id":"https:\/\/ruklic-bau.eu\/o-nama\/","url":"https:\/\/ruklic-bau.eu\/o-nama\/","name":"O nama - Ruklic Bau Zimmerei Dachdeckerei Spenglerei","isPartOf":{"@id":"https:\/\/ruklic-bau.eu\/#website"},"datePublished":"2025-03-12T13:29:25+00:00","dateModified":"2025-04-07T09:11:01+00:00","breadcrumb":{"@id":"https:\/\/ruklic-bau.eu\/o-nama\/#breadcrumb"},"inLanguage":"de","potentialAction":[{"@type":"ReadAction","target":["https:\/\/ruklic-bau.eu\/o-nama\/"]}]},{"@type":"BreadcrumbList","@id":"https:\/\/ruklic-bau.eu\/o-nama\/#breadcrumb","itemListElement":[{"@type":"ListItem","position":1,"name":"Po\u010detna stranica","item":"https:\/\/ruklic-bau.eu\/"},{"@type":"ListItem","position":2,"name":"O nama"}]},{"@type":"WebSite","@id":"https:\/\/ruklic-bau.eu\/#website","url":"https:\/\/ruklic-bau.eu\/","name":"Ruklic Bau Zimmerei Dachdeckerei Spenglerei","description":"","publisher":{"@id":"https:\/\/ruklic-bau.eu\/#organization"},"potentialAction":[{"@type":"SearchAction","target":{"@type":"EntryPoint","urlTemplate":"https:\/\/ruklic-bau.eu\/?s={search_term_string}"},"query-input":{"@type":"PropertyValueSpecification","valueRequired":true,"valueName":"search_term_string"}}],"inLanguage":"de"},{"@type":"Organization","@id":"https:\/\/ruklic-bau.eu\/#organization","name":"Ruklic Bau Zimmerei Dachdeckerei Spenglerei","url":"https:\/\/ruklic-bau.eu\/","logo":{"@type":"ImageObject","inLanguage":"de","@id":"https:\/\/ruklic-bau.eu\/#\/schema\/logo\/image\/","url":"https:\/\/ruklic-bau.eu\/wp-content\/uploads\/2025\/03\/logo.png","contentUrl":"https:\/\/ruklic-bau.eu\/wp-content\/uploads\/2025\/03\/logo.png","width":2148,"height":2147,"caption":"Ruklic Bau Zimmerei Dachdeckerei Spenglerei"},"image":{"@id":"https:\/\/ruklic-bau.eu\/#\/schema\/logo\/image\/"}}]}},"jetpack_sharing_enabled":true,"_links":{"self":[{"href":"https:\/\/ruklic-bau.eu\/de\/wp-json\/wp\/v2\/pages\/99","targetHints":{"allow":["GET"]}}],"collection":[{"href":"https:\/\/ruklic-bau.eu\/de\/wp-json\/wp\/v2\/pages"}],"about":[{"href":"https:\/\/ruklic-bau.eu\/de\/wp-json\/wp\/v2\/types\/page"}],"author":[{"embeddable":true,"href":"https:\/\/ruklic-bau.eu\/de\/wp-json\/wp\/v2\/users\/1"}],"replies":[{"embeddable":true,"href":"https:\/\/ruklic-bau.eu\/de\/wp-json\/wp\/v2\/comments?post=99"}],"version-history":[{"count":19,"href":"https:\/\/ruklic-bau.eu\/de\/wp-json\/wp\/v2\/pages\/99\/revisions"}],"predecessor-version":[{"id":332,"href":"https:\/\/ruklic-bau.eu\/de\/wp-json\/wp\/v2\/pages\/99\/revisions\/332"}],"wp:attachment":[{"href":"https:\/\/ruklic-bau.eu\/de\/wp-json\/wp\/v2\/media?parent=99"}],"curies":[{"name":"wp","href":"https:\/\/api.w.org\/{rel}","templated":true}]}}