{"id":3,"date":"2025-03-12T14:10:49","date_gmt":"2025-03-12T13:10:49","guid":{"rendered":"https:\/\/ruklic-bau.eu\/?page_id=3"},"modified":"2025-04-07T11:11:01","modified_gmt":"2025-04-07T09:11:01","slug":"pravila-privatnosti","status":"publish","type":"page","link":"https:\/\/ruklic-bau.eu\/de\/pravila-privatnosti\/","title":{"rendered":"Datenschutzerkl\u00e4rung"},"content":{"rendered":"<div data-elementor-type=\"wp-page\" data-elementor-id=\"3\" class=\"elementor elementor-3\" data-elementor-post-type=\"page\">\n\t\t\t\t\t\t<section class=\"elementor-section elementor-top-section elementor-element elementor-element-568a5e88 elementor-section-height-min-height animated-slow elementor-section-boxed elementor-section-height-default elementor-section-items-middle elementor-invisible\" data-id=\"568a5e88\" data-element_type=\"section\" data-settings=\"{&quot;background_background&quot;:&quot;classic&quot;,&quot;animation&quot;:&quot;fadeIn&quot;}\">\n\t\t\t\t\t\t<div class=\"elementor-container elementor-column-gap-default\">\n\t\t\t\t\t<div class=\"elementor-column elementor-col-100 elementor-top-column elementor-element elementor-element-3bc55834\" data-id=\"3bc55834\" data-element_type=\"column\">\n\t\t\t<div class=\"elementor-widget-wrap elementor-element-populated\">\n\t\t\t\t\t\t<div class=\"elementor-element elementor-element-11129813 elementor-widget elementor-widget-heading\" data-id=\"11129813\" data-element_type=\"widget\" data-widget_type=\"heading.default\">\n\t\t\t\t<div class=\"elementor-widget-container\">\n\t\t\t\t\t<h1 class=\"elementor-heading-title elementor-size-default\">Datenschutzerkl\u00e4rung<\/h1>\t\t\t\t<\/div>\n\t\t\t\t<\/div>\n\t\t\t\t\t<\/div>\n\t\t<\/div>\n\t\t\t\t\t<\/div>\n\t\t<\/section>\n\t\t<div class=\"elementor-element elementor-element-ff58bed e-flex e-con-boxed e-con e-parent\" data-id=\"ff58bed\" data-element_type=\"container\">\n\t\t\t\t\t<div class=\"e-con-inner\">\n\t\t\t\t<div class=\"elementor-element elementor-element-8bef892 elementor-widget elementor-widget-text-editor\" data-id=\"8bef892\" data-element_type=\"widget\" data-widget_type=\"text-editor.default\">\n\t\t\t\t<div class=\"elementor-widget-container\">\n\t\t\t\t\t\t\t\t\t<h5>INFORMATIONEN, DIE WIR ERHEBEN<\/h5><p>Der Zugang zur Website von Ruki\u0107 Bau ist kostenlos und eine Registrierung ist nicht erforderlich. Wenn Sie uns \u00fcber Kontaktformulare oder per E-Mail kontaktieren, geben Sie Ihre Daten ein. Diese Informationen stehen ausschlie\u00dflich der Ruki\u0107 Bau-Website zur Verf\u00fcgung, an die sie zum Zweck der L\u00f6sung Ihrer Anfrage gerichtet sind. Die Bereitstellung Ihrer personenbezogenen Daten ist freiwillig. Wir verarbeiten nicht mehr personenbezogene Daten, als f\u00fcr die Beantwortung Ihrer Anfrage unbedingt erforderlich sind.<\/p><h5>SCHUTZ IHRER PERSONENBEZOGENEN DATEN<\/h5><p>Die Website von Ruki\u0107 Bau respektiert Ihre Privatsph\u00e4re und verarbeitet Ihre personenbezogenen Daten fair und rechtm\u00e4\u00dfig. Wir speichern Ihre personenbezogenen Daten in elektronischer Form und wenden zum Schutz geeignete technische und organisatorische Ma\u00dfnahmen zum Schutz personenbezogener Daten und Verfahren an, um den unbefugten Zugriff auf personenbezogene Daten zu verhindern.<\/p><h5>COOKIES<\/h5><p>Die Website von Ruki\u0107 Bau verwendet so genannte Cookies (Cookies). \u201eCookies\u201c), um dem Nutzer einen Dienst mit voller Funktionalit\u00e4t und qualitativ hochwertigsten Inhalten anbieten zu k\u00f6nnen. Cookies sind eine Reihe von Daten, die vom Server der Website generiert und vom Webbrowser in Form einer kleinen Textdatei auf der Festplatte des Benutzers gespeichert werden. Wir sind st\u00e4ndig bem\u00fcht, unseren Nutzern die bestm\u00f6gliche Benutzererfahrung zu bieten, daher ist zu beachten, dass unsere Websites nur dann optimal funktionieren, wenn Cookies aktiviert sind. Um \"Cookies\" in \u00dcbereinstimmung mit dem Gesetz \u00fcber elektronische Kommunikation, dem Gesetz \u00fcber den Schutz personenbezogener Daten und den EU-Richtlinien zu verwenden, ben\u00f6tigen wir Ihre Zustimmung. Durch die Nutzung dieser Website erkl\u00e4ren Sie sich mit der Verwendung von Cookies einverstanden. Durch das Blockieren von Cookies k\u00f6nnen Sie die Website weiterhin durchsuchen, einige ihrer Funktionen stehen Ihnen jedoch nicht zur Verf\u00fcgung.<\/p><h5>INHALTE VON ANDEREN WEBSITES<\/h5><p>Artikel auf dieser Website k\u00f6nnen eingebettete Inhalte enthalten (z.B. Videos, Bilder, Artikel, etc.). Eingebettete Inhalte von anderen Websites verhalten sich genauso, als ob der Besucher diese andere Website besucht h\u00e4tte.<\/p><h5>SCHUTZMASSNAHMEN<\/h5><p>Ruki\u0107 Bau verwendet technische und Sicherheitsma\u00dfnahmen, Regeln und andere Verfahren, um die personenbezogenen Daten der Nutzer dieser Website vor unbefugtem Zugriff, Missbrauch, Erkennung, Verlust oder Zerst\u00f6rung zu sch\u00fctzen. Um die Privatsph\u00e4re der Nutzer der Website zu sch\u00fctzen, setzen wir branchen\u00fcbliche Sicherheitsma\u00dfnahmen wie Firewall und Passwortschutz ein. Der Nutzer ist jedoch verpflichtet, daf\u00fcr zu sorgen, dass der von ihm verwendete Computer auch sicher und vor Schadsoftware wie Trojanern, Computerviren und W\u00fcrmern gesch\u00fctzt ist. Der Benutzer der Website ist sich bewusst, dass ohne angemessene Sicherheitsma\u00dfnahmen (zum Beispiel sichere Internet-Browser-Konfiguration, aktualisierte Antivirenprogramme, pers\u00f6nliche Firewall-Programme, Nichtverwendung von Programmen aus verd\u00e4chtigen Quellen) die Gefahr besteht, dass die Daten und Passw\u00f6rter, die verwendet werden, um den Zugriff auf personenbezogene Daten zu verhindern, an unbefugte Dritte weitergegeben werden.<\/p><h5>ANGEBOTSTATISTIK<\/h5><p>Diese Website verwendet das Jetpack-Plugin, um Anwesenheitsstatistiken zu messen.<\/p><h5>HAFTUNGSBESCHR\u00c4NKUNG<\/h5><p>Obwohl wir verf\u00fcgbare technische und organisatorische Ma\u00dfnahmen ergreifen, um die unbefugte Offenlegung Ihrer personenbezogenen Daten zu verhindern, k\u00f6nnen wir nicht garantieren, dass einige der von uns erfassten personenbezogenen Daten entgegen den Bestimmungen dieser Datenschutzrichtlinie niemals versehentlich offengelegt werden. Soweit gesetzlich zul\u00e4ssig, schlie\u00dfen wir die Haftung f\u00fcr Sch\u00e4den aus, die Nutzern oder Dritten durch die unbeabsichtigte Weitergabe personenbezogener Daten entstehen.<\/p>\t\t\t\t\t\t\t\t<\/div>\n\t\t\t\t<\/div>\n\t\t\t\t\t<\/div>\n\t\t\t\t<\/div>\n\t\t\t\t<\/div>","protected":false},"excerpt":{"rendered":"<p>Der Zugang zur Website Ruki\u0107 Bau ist kostenlos und eine Registrierung ist nicht erforderlich. Durch die Kontaktaufnahme \u00fcber Kontaktformulare oder per E-Mail geben Sie Ihre Daten ein. Diese Informationen sind nur auf der Website Ruki\u0107 Bau verf\u00fcgbar, an die sie gerichtet sind, um Ihre Anfrage zu l\u00f6sen. Die Angabe Ihrer pers\u00f6nlichen Daten ist freiwillig. Wir verarbeiten nicht mehr personenbezogene Daten als [...]<\/p>","protected":false},"author":1,"featured_media":0,"parent":0,"menu_order":0,"comment_status":"closed","ping_status":"closed","template":"elementor_header_footer","meta":{"footnotes":""},"class_list":["post-3","page","type-page","status-publish","hentry"],"yoast_head":"<!-- This site is optimized with the Yoast SEO plugin v24.8.1 - https:\/\/yoast.com\/wordpress\/plugins\/seo\/ -->\n<title>Pravila privatnosti - Ruklic Bau Zimmerei Dachdeckerei Spenglerei<\/title>\n<meta name=\"robots\" content=\"index, follow, max-snippet:-1, max-image-preview:large, max-video-preview:-1\" \/>\n<link rel=\"canonical\" href=\"https:\/\/ruklic-bau.eu\/de\/pravila-privatnosti\/\" \/>\n<meta property=\"og:locale\" content=\"de_DE\" \/>\n<meta property=\"og:type\" content=\"article\" \/>\n<meta property=\"og:title\" content=\"Pravila privatnosti - Ruklic Bau Zimmerei Dachdeckerei Spenglerei\" \/>\n<meta property=\"og:description\" content=\"PODACI KOJE PRIKUPLJAMO Pristup web stranici Ruki\u0107 Bau je slobodan i ne tra\u017ei se registracija. Kontaktiranjem putem kontakt-obrazaca ili elektroni\u010dkom po\u0161tom ispunjavate svoje podatke. Ti su podaci dostupni isklju\u010divo stranici Ruki\u0107 Bau kojima su upu\u0107eni u svrhu rje\u0161avanja va\u0161eg upita. Davanje va\u0161ih osobnih podataka je dobrovoljno. Ne obra\u0111ujemo vi\u0161e osobnih podataka no \u0161to je doista [&hellip;]\" \/>\n<meta property=\"og:url\" content=\"https:\/\/ruklic-bau.eu\/de\/pravila-privatnosti\/\" \/>\n<meta property=\"og:site_name\" content=\"Ruklic Bau Zimmerei Dachdeckerei Spenglerei\" \/>\n<meta property=\"article:modified_time\" content=\"2025-04-07T09:11:01+00:00\" \/>\n<meta name=\"twitter:card\" content=\"summary_large_image\" \/>\n<meta name=\"twitter:label1\" content=\"Gesch\u00e4tzte Lesezeit\" \/>\n\t<meta name=\"twitter:data1\" content=\"3\u00a0Minuten\" \/>\n<script type=\"application\/ld+json\" class=\"yoast-schema-graph\">{\"@context\":\"https:\/\/schema.org\",\"@graph\":[{\"@type\":\"WebPage\",\"@id\":\"https:\/\/ruklic-bau.eu\/pravila-privatnosti\/\",\"url\":\"https:\/\/ruklic-bau.eu\/pravila-privatnosti\/\",\"name\":\"Pravila privatnosti - Ruklic Bau Zimmerei Dachdeckerei Spenglerei\",\"isPartOf\":{\"@id\":\"https:\/\/ruklic-bau.eu\/#website\"},\"datePublished\":\"2025-03-12T13:10:49+00:00\",\"dateModified\":\"2025-04-07T09:11:01+00:00\",\"breadcrumb\":{\"@id\":\"https:\/\/ruklic-bau.eu\/pravila-privatnosti\/#breadcrumb\"},\"inLanguage\":\"de\",\"potentialAction\":[{\"@type\":\"ReadAction\",\"target\":[\"https:\/\/ruklic-bau.eu\/pravila-privatnosti\/\"]}]},{\"@type\":\"BreadcrumbList\",\"@id\":\"https:\/\/ruklic-bau.eu\/pravila-privatnosti\/#breadcrumb\",\"itemListElement\":[{\"@type\":\"ListItem\",\"position\":1,\"name\":\"Po\u010detna stranica\",\"item\":\"https:\/\/ruklic-bau.eu\/\"},{\"@type\":\"ListItem\",\"position\":2,\"name\":\"Pravila privatnosti\"}]},{\"@type\":\"WebSite\",\"@id\":\"https:\/\/ruklic-bau.eu\/#website\",\"url\":\"https:\/\/ruklic-bau.eu\/\",\"name\":\"Ruklic Bau Zimmerei Dachdeckerei Spenglerei\",\"description\":\"\",\"publisher\":{\"@id\":\"https:\/\/ruklic-bau.eu\/#organization\"},\"potentialAction\":[{\"@type\":\"SearchAction\",\"target\":{\"@type\":\"EntryPoint\",\"urlTemplate\":\"https:\/\/ruklic-bau.eu\/?s={search_term_string}\"},\"query-input\":{\"@type\":\"PropertyValueSpecification\",\"valueRequired\":true,\"valueName\":\"search_term_string\"}}],\"inLanguage\":\"de\"},{\"@type\":\"Organization\",\"@id\":\"https:\/\/ruklic-bau.eu\/#organization\",\"name\":\"Ruklic Bau Zimmerei Dachdeckerei Spenglerei\",\"url\":\"https:\/\/ruklic-bau.eu\/\",\"logo\":{\"@type\":\"ImageObject\",\"inLanguage\":\"de\",\"@id\":\"https:\/\/ruklic-bau.eu\/#\/schema\/logo\/image\/\",\"url\":\"https:\/\/ruklic-bau.eu\/wp-content\/uploads\/2025\/03\/logo.png\",\"contentUrl\":\"https:\/\/ruklic-bau.eu\/wp-content\/uploads\/2025\/03\/logo.png\",\"width\":2148,\"height\":2147,\"caption\":\"Ruklic Bau Zimmerei Dachdeckerei Spenglerei\"},\"image\":{\"@id\":\"https:\/\/ruklic-bau.eu\/#\/schema\/logo\/image\/\"}}]}<\/script>\n<!-- \/ Yoast SEO plugin. -->","yoast_head_json":{"title":"Pravila privatnosti - Ruklic Bau Zimmerei Dachdeckerei Spenglerei","robots":{"index":"index","follow":"follow","max-snippet":"max-snippet:-1","max-image-preview":"max-image-preview:large","max-video-preview":"max-video-preview:-1"},"canonical":"https:\/\/ruklic-bau.eu\/de\/pravila-privatnosti\/","og_locale":"de_DE","og_type":"article","og_title":"Pravila privatnosti - Ruklic Bau Zimmerei Dachdeckerei Spenglerei","og_description":"PODACI KOJE PRIKUPLJAMO Pristup web stranici Ruki\u0107 Bau je slobodan i ne tra\u017ei se registracija. Kontaktiranjem putem kontakt-obrazaca ili elektroni\u010dkom po\u0161tom ispunjavate svoje podatke. Ti su podaci dostupni isklju\u010divo stranici Ruki\u0107 Bau kojima su upu\u0107eni u svrhu rje\u0161avanja va\u0161eg upita. Davanje va\u0161ih osobnih podataka je dobrovoljno. Ne obra\u0111ujemo vi\u0161e osobnih podataka no \u0161to je doista [&hellip;]","og_url":"https:\/\/ruklic-bau.eu\/de\/pravila-privatnosti\/","og_site_name":"Ruklic Bau Zimmerei Dachdeckerei Spenglerei","article_modified_time":"2025-04-07T09:11:01+00:00","twitter_card":"summary_large_image","twitter_misc":{"Gesch\u00e4tzte Lesezeit":"3\u00a0Minuten"},"schema":{"@context":"https:\/\/schema.org","@graph":[{"@type":"WebPage","@id":"https:\/\/ruklic-bau.eu\/pravila-privatnosti\/","url":"https:\/\/ruklic-bau.eu\/pravila-privatnosti\/","name":"Pravila privatnosti - Ruklic Bau Zimmerei Dachdeckerei Spenglerei","isPartOf":{"@id":"https:\/\/ruklic-bau.eu\/#website"},"datePublished":"2025-03-12T13:10:49+00:00","dateModified":"2025-04-07T09:11:01+00:00","breadcrumb":{"@id":"https:\/\/ruklic-bau.eu\/pravila-privatnosti\/#breadcrumb"},"inLanguage":"de","potentialAction":[{"@type":"ReadAction","target":["https:\/\/ruklic-bau.eu\/pravila-privatnosti\/"]}]},{"@type":"BreadcrumbList","@id":"https:\/\/ruklic-bau.eu\/pravila-privatnosti\/#breadcrumb","itemListElement":[{"@type":"ListItem","position":1,"name":"Po\u010detna stranica","item":"https:\/\/ruklic-bau.eu\/"},{"@type":"ListItem","position":2,"name":"Pravila privatnosti"}]},{"@type":"WebSite","@id":"https:\/\/ruklic-bau.eu\/#website","url":"https:\/\/ruklic-bau.eu\/","name":"Ruklic Bau Zimmerei Dachdeckerei Spenglerei","description":"","publisher":{"@id":"https:\/\/ruklic-bau.eu\/#organization"},"potentialAction":[{"@type":"SearchAction","target":{"@type":"EntryPoint","urlTemplate":"https:\/\/ruklic-bau.eu\/?s={search_term_string}"},"query-input":{"@type":"PropertyValueSpecification","valueRequired":true,"valueName":"search_term_string"}}],"inLanguage":"de"},{"@type":"Organization","@id":"https:\/\/ruklic-bau.eu\/#organization","name":"Ruklic Bau Zimmerei Dachdeckerei Spenglerei","url":"https:\/\/ruklic-bau.eu\/","logo":{"@type":"ImageObject","inLanguage":"de","@id":"https:\/\/ruklic-bau.eu\/#\/schema\/logo\/image\/","url":"https:\/\/ruklic-bau.eu\/wp-content\/uploads\/2025\/03\/logo.png","contentUrl":"https:\/\/ruklic-bau.eu\/wp-content\/uploads\/2025\/03\/logo.png","width":2148,"height":2147,"caption":"Ruklic Bau Zimmerei Dachdeckerei Spenglerei"},"image":{"@id":"https:\/\/ruklic-bau.eu\/#\/schema\/logo\/image\/"}}]}},"jetpack_sharing_enabled":true,"_links":{"self":[{"href":"https:\/\/ruklic-bau.eu\/de\/wp-json\/wp\/v2\/pages\/3","targetHints":{"allow":["GET"]}}],"collection":[{"href":"https:\/\/ruklic-bau.eu\/de\/wp-json\/wp\/v2\/pages"}],"about":[{"href":"https:\/\/ruklic-bau.eu\/de\/wp-json\/wp\/v2\/types\/page"}],"author":[{"embeddable":true,"href":"https:\/\/ruklic-bau.eu\/de\/wp-json\/wp\/v2\/users\/1"}],"replies":[{"embeddable":true,"href":"https:\/\/ruklic-bau.eu\/de\/wp-json\/wp\/v2\/comments?post=3"}],"version-history":[{"count":8,"href":"https:\/\/ruklic-bau.eu\/de\/wp-json\/wp\/v2\/pages\/3\/revisions"}],"predecessor-version":[{"id":436,"href":"https:\/\/ruklic-bau.eu\/de\/wp-json\/wp\/v2\/pages\/3\/revisions\/436"}],"wp:attachment":[{"href":"https:\/\/ruklic-bau.eu\/de\/wp-json\/wp\/v2\/media?parent=3"}],"curies":[{"name":"wp","href":"https:\/\/api.w.org\/{rel}","templated":true}]}}